{"id":2029,"date":"2024-10-15T13:01:27","date_gmt":"2024-10-15T11:01:27","guid":{"rendered":"https:\/\/tienda.polestarenergy.es\/producto\/batteria-del-pannello-solare-h15-m1\/"},"modified":"2025-07-13T19:32:37","modified_gmt":"2025-07-13T17:32:37","slug":"batteria-del-pannello-solare-h15-m1","status":"publish","type":"product","link":"https:\/\/tienda.polestarenergy.es\/it\/producto\/batteria-del-pannello-solare-h15-m1\/","title":{"rendered":"Batteria H15-M1"},"content":{"rendered":"<p>&nbsp;<\/p>\n<p>Specifiche tecniche: <a href=\"https:\/\/tienda.polestarenergy.es\/wp-content\/uploads\/2024\/10\/Data-Sheet_-Battery-H5H10H15H20_Polestar-Energy-.pdf\">Link<\/a><\/p>\n<p>Batteria da 5,12 kWh con tecnologia LFP (LiFePO4), ideale per immagazzinare energia negli impianti fotovoltaici.<\/p>\n<p>Elevata durata e sicurezza, progettata per massimizzare l&#8217;efficienza delle installazioni residenziali e commerciali.<\/p>\n<p><strong>Caratteristiche principali:<\/strong><\/p>\n<ul>\n<li><strong>Tipo di prodotto:<\/strong> Batteria per l&#8217;accumulo di energia<\/li>\n<li><strong>Modello:<\/strong> H15<\/li>\n<li><strong>Capacit\u00e0 nominale:<\/strong> 5,12 kWh<\/li>\n<li><strong>Tipo di batteria:<\/strong> LFP (LiFePO4)<\/li>\n<li><strong>Garanzia:<\/strong> 5 anni di garanzia sul prodotto<\/li>\n<li><strong>Dimensioni e peso:<\/strong> 720 x 520 x 400 mm, 85 kg<\/li>\n<li><strong>Ciclo di vita:<\/strong> 6000 cicli a 25\u00b0C<\/li>\n<li><strong>Profondit\u00e0 di scarico (DoD):<\/strong> 90%<\/li>\n<li><strong>Temperatura di esercizio:<\/strong> Da -20\u00b0C a 60\u00b0C<\/li>\n<\/ul>\n<p><strong>Specifiche tecniche:<\/strong><\/p>\n<ul>\n<li><strong>Capacit\u00e0 nominale (Ah):<\/strong> 50 Ah<\/li>\n<li><strong>Tensione nominale\/range (V):<\/strong> 102,4V (range 88V ~ 115,2V)<\/li>\n<li><strong>Corrente nominale di carica\/scarica:<\/strong> 0,5C\/0,5C<\/li>\n<li><strong>Corrente massima di carica\/scarica:<\/strong> 1C\/1C<\/li>\n<li><strong>Temperatura di ricarica:<\/strong> da 0\u00b0C a 55\u00b0C<\/li>\n<li><strong>Temperatura di scarico:<\/strong> da -20\u00b0C a 55\u00b0C<\/li>\n<li><strong>Certificazioni:<\/strong> UN38.3 \/ MSDS \/ IEC62619 \/ EN61000-6-1-3<\/li>\n<\/ul>\n<p><strong>Ulteriori vantaggi:<\/strong><\/p>\n<ul>\n<li><strong>Tecnologia LFP (LiFePO4):<\/strong> maggiore sicurezza e stabilit\u00e0, con una lunga durata.<\/li>\n<li><strong>Design modulare:<\/strong> facile installazione con possibilit\u00e0 di impilare pi\u00f9 unit\u00e0 per aumentare la capacit\u00e0.<\/li>\n<li><strong>Gestione intelligente del BMS: il<\/strong> sistema integrato di gestione delle batterie (BMS) garantisce la stabilit\u00e0 e la sicurezza del sistema.<\/li>\n<li><strong>Elevata durata:<\/strong> oltre 6000 cicli di vita, con una vita stimata di oltre 10 anni.<\/li>\n<\/ul>\n","protected":false},"excerpt":{"rendered":"<p>Batteria da 5,12 kWh con tecnologia LFP (LiFePO4), ideale per accumulare energia negli impianti fotovoltaici. Elevata durata e sicurezza, progettata per massimizzare l&#8217;efficienza degli impianti residenziali e commerciali. <\/p>\n","protected":false},"featured_media":1963,"template":"","meta":{"_et_pb_use_builder":"","_et_pb_old_content":"","_et_gb_content_width":""},"product_brand":[],"product_cat":[43],"product_tag":[],"class_list":{"0":"post-2029","1":"product","2":"type-product","3":"status-publish","4":"has-post-thumbnail","6":"product_cat-batterie","8":"first","9":"instock","10":"taxable","11":"shipping-taxable","12":"product-type-simple"},"yoast_head":"<!-- This site is optimized with the Yoast SEO Premium plugin v25.1 (Yoast SEO v27.4) - https:\/\/yoast.com\/product\/yoast-seo-premium-wordpress\/ -->\n<title>Batteria da 5,12 kWh | Polestar Energy<\/title>\n<meta name=\"description\" content=\"Batteria da 5,12 kWh con tecnologia LFP, ideale per immagazzinare energia solare. Oltre 6000 cicli di vita utile. 5 anni di garanzia.\" \/>\n<meta name=\"robots\" content=\"index, follow, max-snippet:-1, max-image-preview:large, max-video-preview:-1\" \/>\n<link rel=\"canonical\" href=\"https:\/\/tienda.polestarenergy.es\/it\/producto\/batteria-del-pannello-solare-h15-m1\/\" \/>\n<meta property=\"og:locale\" content=\"it_IT\" \/>\n<meta property=\"og:type\" content=\"article\" \/>\n<meta property=\"og:title\" content=\"Batteria H15-M1\" \/>\n<meta property=\"og:description\" content=\"Batteria da 5,12 kWh con tecnologia LFP, ideale per immagazzinare energia solare. Oltre 6000 cicli di vita utile. 5 anni di garanzia.\" \/>\n<meta property=\"og:url\" content=\"https:\/\/tienda.polestarenergy.es\/it\/producto\/batteria-del-pannello-solare-h15-m1\/\" \/>\n<meta property=\"og:site_name\" content=\"Polestar Energy\" \/>\n<meta property=\"article:modified_time\" content=\"2025-07-13T17:32:37+00:00\" \/>\n<meta property=\"og:image\" content=\"https:\/\/tienda.polestarenergy.es\/wp-content\/uploads\/2024\/10\/Baterias-H15.jpg\" \/>\n\t<meta property=\"og:image:width\" content=\"1432\" \/>\n\t<meta property=\"og:image:height\" content=\"1145\" \/>\n\t<meta property=\"og:image:type\" content=\"image\/jpeg\" \/>\n<meta name=\"twitter:card\" content=\"summary_large_image\" \/>\n<meta name=\"twitter:label1\" content=\"Tempo di lettura stimato\" \/>\n\t<meta name=\"twitter:data1\" content=\"1 minuto\" \/>\n<script type=\"application\/ld+json\" class=\"yoast-schema-graph\">{\"@context\":\"https:\\\/\\\/schema.org\",\"@graph\":[{\"@type\":\"WebPage\",\"@id\":\"https:\\\/\\\/tienda.polestarenergy.es\\\/it\\\/producto\\\/batteria-del-pannello-solare-h15-m1\\\/\",\"url\":\"https:\\\/\\\/tienda.polestarenergy.es\\\/it\\\/producto\\\/batteria-del-pannello-solare-h15-m1\\\/\",\"name\":\"Batteria da 5,12 kWh | Polestar Energy\",\"isPartOf\":{\"@id\":\"https:\\\/\\\/tienda.polestarenergy.es\\\/it\\\/#website\"},\"primaryImageOfPage\":{\"@id\":\"https:\\\/\\\/tienda.polestarenergy.es\\\/it\\\/producto\\\/batteria-del-pannello-solare-h15-m1\\\/#primaryimage\"},\"image\":{\"@id\":\"https:\\\/\\\/tienda.polestarenergy.es\\\/it\\\/producto\\\/batteria-del-pannello-solare-h15-m1\\\/#primaryimage\"},\"thumbnailUrl\":\"https:\\\/\\\/tienda.polestarenergy.es\\\/wp-content\\\/uploads\\\/2024\\\/10\\\/Baterias-H15.jpg\",\"datePublished\":\"2024-10-15T11:01:27+00:00\",\"dateModified\":\"2025-07-13T17:32:37+00:00\",\"description\":\"Batteria da 5,12 kWh con tecnologia LFP, ideale per immagazzinare energia solare. Oltre 6000 cicli di vita utile. 5 anni di garanzia.\",\"breadcrumb\":{\"@id\":\"https:\\\/\\\/tienda.polestarenergy.es\\\/it\\\/producto\\\/batteria-del-pannello-solare-h15-m1\\\/#breadcrumb\"},\"inLanguage\":\"it-IT\",\"potentialAction\":[{\"@type\":\"ReadAction\",\"target\":[\"https:\\\/\\\/tienda.polestarenergy.es\\\/it\\\/producto\\\/batteria-del-pannello-solare-h15-m1\\\/\"]}]},{\"@type\":\"ImageObject\",\"inLanguage\":\"it-IT\",\"@id\":\"https:\\\/\\\/tienda.polestarenergy.es\\\/it\\\/producto\\\/batteria-del-pannello-solare-h15-m1\\\/#primaryimage\",\"url\":\"https:\\\/\\\/tienda.polestarenergy.es\\\/wp-content\\\/uploads\\\/2024\\\/10\\\/Baterias-H15.jpg\",\"contentUrl\":\"https:\\\/\\\/tienda.polestarenergy.es\\\/wp-content\\\/uploads\\\/2024\\\/10\\\/Baterias-H15.jpg\",\"width\":1432,\"height\":1145,\"caption\":\"Baterias H15\"},{\"@type\":\"BreadcrumbList\",\"@id\":\"https:\\\/\\\/tienda.polestarenergy.es\\\/it\\\/producto\\\/batteria-del-pannello-solare-h15-m1\\\/#breadcrumb\",\"itemListElement\":[{\"@type\":\"ListItem\",\"position\":1,\"name\":\"Portada\",\"item\":\"https:\\\/\\\/tienda.polestarenergy.es\\\/it\\\/negozio\\\/\"},{\"@type\":\"ListItem\",\"position\":2,\"name\":\"Tienda\",\"item\":\"https:\\\/\\\/tienda.polestarenergy.es\\\/\"},{\"@type\":\"ListItem\",\"position\":3,\"name\":\"Batteria H15-M1\"}]},{\"@type\":\"WebSite\",\"@id\":\"https:\\\/\\\/tienda.polestarenergy.es\\\/it\\\/#website\",\"url\":\"https:\\\/\\\/tienda.polestarenergy.es\\\/it\\\/\",\"name\":\"Polestar Energy\",\"description\":\"Empresa de Energ\u00eda\",\"publisher\":{\"@id\":\"https:\\\/\\\/tienda.polestarenergy.es\\\/it\\\/#organization\"},\"potentialAction\":[{\"@type\":\"SearchAction\",\"target\":{\"@type\":\"EntryPoint\",\"urlTemplate\":\"https:\\\/\\\/tienda.polestarenergy.es\\\/it\\\/?s={search_term_string}\"},\"query-input\":{\"@type\":\"PropertyValueSpecification\",\"valueRequired\":true,\"valueName\":\"search_term_string\"}}],\"inLanguage\":\"it-IT\"},{\"@type\":\"Organization\",\"@id\":\"https:\\\/\\\/tienda.polestarenergy.es\\\/it\\\/#organization\",\"name\":\"Polestar Energy\",\"url\":\"https:\\\/\\\/tienda.polestarenergy.es\\\/it\\\/\",\"logo\":{\"@type\":\"ImageObject\",\"inLanguage\":\"it-IT\",\"@id\":\"https:\\\/\\\/tienda.polestarenergy.es\\\/it\\\/#\\\/schema\\\/logo\\\/image\\\/\",\"url\":\"https:\\\/\\\/tienda.polestarenergy.es\\\/wp-content\\\/uploads\\\/2024\\\/04\\\/cropped-POLESTAR-Logo.png\",\"contentUrl\":\"https:\\\/\\\/tienda.polestarenergy.es\\\/wp-content\\\/uploads\\\/2024\\\/04\\\/cropped-POLESTAR-Logo.png\",\"width\":512,\"height\":512,\"caption\":\"Polestar Energy\"},\"image\":{\"@id\":\"https:\\\/\\\/tienda.polestarenergy.es\\\/it\\\/#\\\/schema\\\/logo\\\/image\\\/\"}}]}<\/script>\n<!-- \/ Yoast SEO Premium plugin. -->","yoast_head_json":{"title":"Batteria da 5,12 kWh | Polestar Energy","description":"Batteria da 5,12 kWh con tecnologia LFP, ideale per immagazzinare energia solare. Oltre 6000 cicli di vita utile. 5 anni di garanzia.","robots":{"index":"index","follow":"follow","max-snippet":"max-snippet:-1","max-image-preview":"max-image-preview:large","max-video-preview":"max-video-preview:-1"},"canonical":"https:\/\/tienda.polestarenergy.es\/it\/producto\/batteria-del-pannello-solare-h15-m1\/","og_locale":"it_IT","og_type":"article","og_title":"Batteria H15-M1","og_description":"Batteria da 5,12 kWh con tecnologia LFP, ideale per immagazzinare energia solare. Oltre 6000 cicli di vita utile. 5 anni di garanzia.","og_url":"https:\/\/tienda.polestarenergy.es\/it\/producto\/batteria-del-pannello-solare-h15-m1\/","og_site_name":"Polestar Energy","article_modified_time":"2025-07-13T17:32:37+00:00","og_image":[{"width":1432,"height":1145,"url":"https:\/\/tienda.polestarenergy.es\/wp-content\/uploads\/2024\/10\/Baterias-H15.jpg","type":"image\/jpeg"}],"twitter_card":"summary_large_image","twitter_misc":{"Tempo di lettura stimato":"1 minuto"},"schema":{"@context":"https:\/\/schema.org","@graph":[{"@type":"WebPage","@id":"https:\/\/tienda.polestarenergy.es\/it\/producto\/batteria-del-pannello-solare-h15-m1\/","url":"https:\/\/tienda.polestarenergy.es\/it\/producto\/batteria-del-pannello-solare-h15-m1\/","name":"Batteria da 5,12 kWh | Polestar Energy","isPartOf":{"@id":"https:\/\/tienda.polestarenergy.es\/it\/#website"},"primaryImageOfPage":{"@id":"https:\/\/tienda.polestarenergy.es\/it\/producto\/batteria-del-pannello-solare-h15-m1\/#primaryimage"},"image":{"@id":"https:\/\/tienda.polestarenergy.es\/it\/producto\/batteria-del-pannello-solare-h15-m1\/#primaryimage"},"thumbnailUrl":"https:\/\/tienda.polestarenergy.es\/wp-content\/uploads\/2024\/10\/Baterias-H15.jpg","datePublished":"2024-10-15T11:01:27+00:00","dateModified":"2025-07-13T17:32:37+00:00","description":"Batteria da 5,12 kWh con tecnologia LFP, ideale per immagazzinare energia solare. Oltre 6000 cicli di vita utile. 5 anni di garanzia.","breadcrumb":{"@id":"https:\/\/tienda.polestarenergy.es\/it\/producto\/batteria-del-pannello-solare-h15-m1\/#breadcrumb"},"inLanguage":"it-IT","potentialAction":[{"@type":"ReadAction","target":["https:\/\/tienda.polestarenergy.es\/it\/producto\/batteria-del-pannello-solare-h15-m1\/"]}]},{"@type":"ImageObject","inLanguage":"it-IT","@id":"https:\/\/tienda.polestarenergy.es\/it\/producto\/batteria-del-pannello-solare-h15-m1\/#primaryimage","url":"https:\/\/tienda.polestarenergy.es\/wp-content\/uploads\/2024\/10\/Baterias-H15.jpg","contentUrl":"https:\/\/tienda.polestarenergy.es\/wp-content\/uploads\/2024\/10\/Baterias-H15.jpg","width":1432,"height":1145,"caption":"Baterias H15"},{"@type":"BreadcrumbList","@id":"https:\/\/tienda.polestarenergy.es\/it\/producto\/batteria-del-pannello-solare-h15-m1\/#breadcrumb","itemListElement":[{"@type":"ListItem","position":1,"name":"Portada","item":"https:\/\/tienda.polestarenergy.es\/it\/negozio\/"},{"@type":"ListItem","position":2,"name":"Tienda","item":"https:\/\/tienda.polestarenergy.es\/"},{"@type":"ListItem","position":3,"name":"Batteria H15-M1"}]},{"@type":"WebSite","@id":"https:\/\/tienda.polestarenergy.es\/it\/#website","url":"https:\/\/tienda.polestarenergy.es\/it\/","name":"Polestar Energy","description":"Empresa de Energ\u00eda","publisher":{"@id":"https:\/\/tienda.polestarenergy.es\/it\/#organization"},"potentialAction":[{"@type":"SearchAction","target":{"@type":"EntryPoint","urlTemplate":"https:\/\/tienda.polestarenergy.es\/it\/?s={search_term_string}"},"query-input":{"@type":"PropertyValueSpecification","valueRequired":true,"valueName":"search_term_string"}}],"inLanguage":"it-IT"},{"@type":"Organization","@id":"https:\/\/tienda.polestarenergy.es\/it\/#organization","name":"Polestar Energy","url":"https:\/\/tienda.polestarenergy.es\/it\/","logo":{"@type":"ImageObject","inLanguage":"it-IT","@id":"https:\/\/tienda.polestarenergy.es\/it\/#\/schema\/logo\/image\/","url":"https:\/\/tienda.polestarenergy.es\/wp-content\/uploads\/2024\/04\/cropped-POLESTAR-Logo.png","contentUrl":"https:\/\/tienda.polestarenergy.es\/wp-content\/uploads\/2024\/04\/cropped-POLESTAR-Logo.png","width":512,"height":512,"caption":"Polestar Energy"},"image":{"@id":"https:\/\/tienda.polestarenergy.es\/it\/#\/schema\/logo\/image\/"}}]}},"_links":{"self":[{"href":"https:\/\/tienda.polestarenergy.es\/it\/wp-json\/wp\/v2\/product\/2029","targetHints":{"allow":["GET"]}}],"collection":[{"href":"https:\/\/tienda.polestarenergy.es\/it\/wp-json\/wp\/v2\/product"}],"about":[{"href":"https:\/\/tienda.polestarenergy.es\/it\/wp-json\/wp\/v2\/types\/product"}],"wp:featuredmedia":[{"embeddable":true,"href":"https:\/\/tienda.polestarenergy.es\/it\/wp-json\/wp\/v2\/media\/1963"}],"wp:attachment":[{"href":"https:\/\/tienda.polestarenergy.es\/it\/wp-json\/wp\/v2\/media?parent=2029"}],"wp:term":[{"taxonomy":"product_brand","embeddable":true,"href":"https:\/\/tienda.polestarenergy.es\/it\/wp-json\/wp\/v2\/product_brand?post=2029"},{"taxonomy":"product_cat","embeddable":true,"href":"https:\/\/tienda.polestarenergy.es\/it\/wp-json\/wp\/v2\/product_cat?post=2029"},{"taxonomy":"product_tag","embeddable":true,"href":"https:\/\/tienda.polestarenergy.es\/it\/wp-json\/wp\/v2\/product_tag?post=2029"}],"curies":[{"name":"wp","href":"https:\/\/api.w.org\/{rel}","templated":true}]}}