{"id":1098,"date":"2024-06-16T16:40:38","date_gmt":"2024-06-16T14:40:38","guid":{"rendered":"https:\/\/tienda.polestarenergy.es\/avviso-legale\/"},"modified":"2025-03-12T22:00:01","modified_gmt":"2025-03-12T21:00:01","slug":"avviso-legale","status":"publish","type":"page","link":"https:\/\/tienda.polestarenergy.es\/it\/avviso-legale\/","title":{"rendered":"Avviso legale"},"content":{"rendered":"<p>[et_pb_section admin_label=&#8221;section&#8221;]<br \/>\n\t\t\t[et_pb_row admin_label=&#8221;row&#8221;]<br \/>\n\t\t\t\t[et_pb_column type=&#8221;4_4&#8243;][et_pb_text admin_label=&#8221;Text&#8221;]POLESTAR ENERGY S.L B56614068 C\/ ALCAL\u00c1 N\u00ba 87, PISO 3 IZDA 28009 MADRID <a href=\"mailto:legal@polestarenergy.es\">legal@polestarenergy.es<\/a><\/p>\n<p>&nbsp;<\/p>\n<ol>\n<li>I diritti di propriet\u00e0 intellettuale del sito web polestarenergy.es, il suo codice sorgente, il design, la struttura di navigazione, i database e i diversi elementi in esso contenuti sono di propriet\u00e0 di POLESTAR ENERGY S.L., che ha i diritti esclusivi di sfruttarli in qualsiasi modo e, in particolare, i diritti di riproduzione, distribuzione, comunicazione pubblica e trasformazione.<\/li>\n<li>Le presenti condizioni generali regolano l&#8217;accesso e l&#8217;utilizzo del sito web polestarenergy.es, messo a disposizione degli utenti di Internet a titolo gratuito.<br \/>\nL&#8217;accesso al sito implica l&#8217;accettazione senza riserve delle stesse.<br \/>\nL&#8217;utilizzo di alcuni servizi offerti da questo sito sar\u00e0 regolato anche dalle condizioni specifiche previste in ciascun caso, che si intendono accettate con il semplice utilizzo di tali servizi.  <\/li>\n<li>La visualizzazione, la stampa e il download parziale del contenuto del sito web sono autorizzati solo ed esclusivamente alle seguenti condizioni:<\/li>\n<\/ol>\n<ul>\n<li>Che sia compatibile con gli scopi del sito web polestarenergy.es.<\/li>\n<li>Che viene effettuata con l&#8217;unico scopo di ottenere le informazioni in essa contenute per uso personale e privato.<br \/>\n\u00c8 espressamente vietato il suo utilizzo per scopi commerciali o per la distribuzione, la comunicazione pubblica, la trasformazione o la decompilazione. <\/li>\n<li>Che nessuno dei contenuti relativi a questo sito web venga modificato in alcun modo.<\/li>\n<li>Che nessun grafico, icona o immagine disponibile su questo sito web venga utilizzato, copiato o distribuito separatamente dal testo o da altre immagini che lo accompagnano.<\/li>\n<\/ul>\n<p>&nbsp;<\/p>\n<ol start=\"4\">\n<li>POLESTAR ENERGY S.L. si riserva il diritto di apportare, in qualsiasi momento e senza preavviso, modifiche e aggiornamenti alle informazioni contenute nel suo sito web, alla configurazione e alla presentazione dello stesso e alle condizioni di accesso.<\/li>\n<li>POLESTAR ENERGY S.L. non garantisce l&#8217;inesistenza di interruzioni o errori nell&#8217;accesso al sito web, nel suo contenuto o che sia aggiornato, anche se far\u00e0 del suo meglio per evitarli, correggerli o aggiornarli, a seconda dei casi.<\/li>\n<li>L&#8217;accesso a questo sito web e l&#8217;uso che pu\u00f2 essere fatto delle informazioni in esso contenute \u00e8 di esclusiva responsabilit\u00e0 dell&#8217;utente.<br \/>\nPOLESTAR ENERGY S.L. non sar\u00e0 responsabile di alcuna conseguenza o danno che possa derivare da tale accesso o utilizzo delle informazioni.<br \/>\nPOLESTAR ENERGY S.L. non \u00e8 responsabile di eventuali errori di sicurezza che possono verificarsi o di eventuali danni che possono essere causati al sistema informatico dell&#8217;utente (hardware e software), ai file o ai documenti in esso memorizzati, come risultato della presenza di un virus nel computer dell&#8217;utente utilizzato per connettersi ai servizi e ai contenuti del sito web, di un malfunzionamento del browser o dell&#8217;utilizzo di versioni non aggiornate del browser.  <\/li>\n<li>POLESTAR ENERGY S.L. non si assume alcuna responsabilit\u00e0 derivante dalla fornitura o dai contenuti dei link di terzi a cui si fa riferimento nel sito web, n\u00e9 garantisce l&#8217;assenza di virus o di altri elementi negli stessi che possano causare alterazioni al sistema informatico dell&#8217;utente (hardware e software), ai documenti o ai file, escludendo qualsiasi responsabilit\u00e0 per i danni di qualsiasi tipo causati all&#8217;utente per questo motivo.<\/li>\n<li>L&#8217;uso non autorizzato delle informazioni contenute in questo sito web, la loro rivendita, cos\u00ec come qualsiasi violazione dei diritti di propriet\u00e0 intellettuale di POLESTAR ENERGY S.L., daranno luogo alle responsabilit\u00e0 previste dalla legge.<\/li>\n<li>Tutti i link di terzi a questo sito web devono puntare alla tua homepage o alla tua pagina di iscrizione.<\/li>\n<li>POLESTAR ENERGY S.L. e l&#8217;utente, rinunciando espressamente a qualsiasi altra giurisdizione, si sottopongono ai tribunali del domicilio dell&#8217;utente per qualsiasi controversia che possa derivare dall&#8217;accesso a questo sito web.<br \/>\nNel caso in cui il domicilio dell&#8217;utente si trovi al di fuori della Spagna, POLESTAR ENERGY S.L. e l&#8217;utente si sottopongono alle corti e ai tribunali di MADRID (Spagna), rinunciando espressamente a qualsiasi altra giurisdizione. <\/li>\n<\/ol>\n<p>[\/et_pb_text][\/et_pb_column]<br \/>\n\t\t\t[\/et_pb_row]<br \/>\n\t\t[\/et_pb_section]<\/p>\n","protected":false},"excerpt":{"rendered":"<p>[et_pb_section admin_label=&#8221;section&#8221;] [et_pb_row admin_label=&#8221;row&#8221;] [et_pb_column type=&#8221;4_4&#8243;][et_pb_text admin_label=&#8221;Text&#8221;]POLESTAR ENERGY S.L B56614068 C\/ ALCAL\u00c1 N\u00ba 87, PISO 3 IZDA 28009 MADRID legal@polestarenergy.es &nbsp; I diritti di propriet\u00e0 intellettuale del sito web polestarenergy.es, il suo codice sorgente, il design, la struttura di navigazione, i database e i diversi elementi in esso contenuti sono di propriet\u00e0 di POLESTAR ENERGY [&hellip;]<\/p>\n","protected":false},"author":1,"featured_media":0,"parent":0,"menu_order":0,"comment_status":"closed","ping_status":"closed","template":"","meta":{"_et_pb_use_builder":"","_et_pb_old_content":"POLESTAR ENERGY S.L B56614068 C\/ ALCAL\u00c1 N\u00ba 87, PISO 3 IZDA 28009 MADRID <a href=\"mailto:legal@polestarenergy.es\">legal@polestarenergy.es<\/a>\n\n&nbsp;\n<ol>\n \t<li>I diritti di propriet\u00e0 intellettuale del sito web polestarenergy.es, il suo codice sorgente, il design, la struttura di navigazione, i database e i diversi elementi in esso contenuti sono di propriet\u00e0 di POLESTAR ENERGY S.L., che ha i diritti esclusivi di sfruttarli in qualsiasi modo e, in particolare, i diritti di riproduzione, distribuzione, comunicazione pubblica e trasformazione.<\/li>\n \t<li>Le presenti condizioni generali regolano l'accesso e l'utilizzo del sito web polestarenergy.es, messo a disposizione degli utenti di Internet a titolo gratuito.\nL'accesso al sito implica l'accettazione senza riserve delle stesse.\nL'utilizzo di alcuni servizi offerti da questo sito sar\u00e0 regolato anche dalle condizioni specifiche previste in ciascun caso, che si intendono accettate con il semplice utilizzo di tali servizi.  <\/li>\n \t<li>La visualizzazione, la stampa e il download parziale del contenuto del sito web sono autorizzati solo ed esclusivamente alle seguenti condizioni:<\/li>\n<\/ol>\n<ul>\n \t<li>Che sia compatibile con gli scopi del sito web polestarenergy.es.<\/li>\n \t<li>Che viene effettuata con l'unico scopo di ottenere le informazioni in essa contenute per uso personale e privato.\n\u00c8 espressamente vietato il suo utilizzo per scopi commerciali o per la distribuzione, la comunicazione pubblica, la trasformazione o la decompilazione. <\/li>\n \t<li>Che nessuno dei contenuti relativi a questo sito web venga modificato in alcun modo.<\/li>\n \t<li>Che nessun grafico, icona o immagine disponibile su questo sito web venga utilizzato, copiato o distribuito separatamente dal testo o da altre immagini che lo accompagnano.<\/li>\n<\/ul>\n&nbsp;\n<ol start=\"4\">\n \t<li>POLESTAR ENERGY S.L. si riserva il diritto di apportare, in qualsiasi momento e senza preavviso, modifiche e aggiornamenti alle informazioni contenute nel suo sito web, alla configurazione e alla presentazione dello stesso e alle condizioni di accesso.<\/li>\n \t<li>POLESTAR ENERGY S.L. non garantisce l'inesistenza di interruzioni o errori nell'accesso al sito web, nel suo contenuto o che sia aggiornato, anche se far\u00e0 del suo meglio per evitarli, correggerli o aggiornarli, a seconda dei casi.<\/li>\n \t<li>L'accesso a questo sito web e l'uso che pu\u00f2 essere fatto delle informazioni in esso contenute \u00e8 di esclusiva responsabilit\u00e0 dell'utente.\nPOLESTAR ENERGY S.L. non sar\u00e0 responsabile di alcuna conseguenza o danno che possa derivare da tale accesso o utilizzo delle informazioni.\nPOLESTAR ENERGY S.L. non \u00e8 responsabile di eventuali errori di sicurezza che possono verificarsi o di eventuali danni che possono essere causati al sistema informatico dell'utente (hardware e software), ai file o ai documenti in esso memorizzati, come risultato della presenza di un virus nel computer dell'utente utilizzato per connettersi ai servizi e ai contenuti del sito web, di un malfunzionamento del browser o dell'utilizzo di versioni non aggiornate del browser.  <\/li>\n \t<li>POLESTAR ENERGY S.L. non si assume alcuna responsabilit\u00e0 derivante dalla fornitura o dai contenuti dei link di terzi a cui si fa riferimento nel sito web, n\u00e9 garantisce l'assenza di virus o di altri elementi negli stessi che possano causare alterazioni al sistema informatico dell'utente (hardware e software), ai documenti o ai file, escludendo qualsiasi responsabilit\u00e0 per i danni di qualsiasi tipo causati all'utente per questo motivo.<\/li>\n \t<li>L'uso non autorizzato delle informazioni contenute in questo sito web, la loro rivendita, cos\u00ec come qualsiasi violazione dei diritti di propriet\u00e0 intellettuale di POLESTAR ENERGY S.L., daranno luogo alle responsabilit\u00e0 previste dalla legge.<\/li>\n \t<li>Tutti i link di terzi a questo sito web devono puntare alla tua homepage o alla tua pagina di iscrizione.<\/li>\n \t<li>POLESTAR ENERGY S.L. e l'utente, rinunciando espressamente a qualsiasi altra giurisdizione, si sottopongono ai tribunali del domicilio dell'utente per qualsiasi controversia che possa derivare dall'accesso a questo sito web.\nNel caso in cui il domicilio dell'utente si trovi al di fuori della Spagna, POLESTAR ENERGY S.L. e l'utente si sottopongono alle corti e ai tribunali di MADRID (Spagna), rinunciando espressamente a qualsiasi altra giurisdizione. <\/li>\n<\/ol>","_et_gb_content_width":"","footnotes":""},"dipi_cpt_category":[],"class_list":["post-1098","page","type-page","status-publish","hentry"],"yoast_head":"<!-- This site is optimized with the Yoast SEO Premium plugin v25.1 (Yoast SEO v27.4) - https:\/\/yoast.com\/product\/yoast-seo-premium-wordpress\/ -->\n<title>Avviso legale - Polestar Energy<\/title>\n<meta name=\"robots\" content=\"noindex, nofollow\" \/>\n<meta property=\"og:locale\" content=\"it_IT\" \/>\n<meta property=\"og:type\" content=\"article\" \/>\n<meta property=\"og:title\" content=\"Avviso legale\" \/>\n<meta property=\"og:description\" content=\"[et_pb_section admin_label=&#8221;section&#8221;] [et_pb_row admin_label=&#8221;row&#8221;] [et_pb_column type=&#8221;4_4&#8243;][et_pb_text admin_label=&#8221;Text&#8221;]POLESTAR ENERGY S.L B56614068 C\/ ALCAL\u00c1 N\u00ba 87, PISO 3 IZDA 28009 MADRID legal@polestarenergy.es &nbsp; I diritti di propriet\u00e0 intellettuale del sito web polestarenergy.es, il suo codice sorgente, il design, la struttura di navigazione, i database e i diversi elementi in esso contenuti sono di propriet\u00e0 di POLESTAR ENERGY [&hellip;]\" \/>\n<meta property=\"og:url\" content=\"https:\/\/tienda.polestarenergy.es\/it\/avviso-legale\/\" \/>\n<meta property=\"og:site_name\" content=\"Polestar Energy\" \/>\n<meta property=\"article:modified_time\" content=\"2025-03-12T21:00:01+00:00\" \/>\n<meta name=\"twitter:card\" content=\"summary_large_image\" \/>\n<meta name=\"twitter:label1\" content=\"Tempo di lettura stimato\" \/>\n\t<meta name=\"twitter:data1\" content=\"3 minuti\" \/>\n<script type=\"application\/ld+json\" class=\"yoast-schema-graph\">{\"@context\":\"https:\\\/\\\/schema.org\",\"@graph\":[{\"@type\":\"WebPage\",\"@id\":\"https:\\\/\\\/tienda.polestarenergy.es\\\/it\\\/avviso-legale\\\/\",\"url\":\"https:\\\/\\\/tienda.polestarenergy.es\\\/it\\\/avviso-legale\\\/\",\"name\":\"Avviso legale - Polestar Energy\",\"isPartOf\":{\"@id\":\"https:\\\/\\\/tienda.polestarenergy.es\\\/it\\\/#website\"},\"datePublished\":\"2024-06-16T14:40:38+00:00\",\"dateModified\":\"2025-03-12T21:00:01+00:00\",\"breadcrumb\":{\"@id\":\"https:\\\/\\\/tienda.polestarenergy.es\\\/it\\\/avviso-legale\\\/#breadcrumb\"},\"inLanguage\":\"it-IT\",\"potentialAction\":[{\"@type\":\"ReadAction\",\"target\":[\"https:\\\/\\\/tienda.polestarenergy.es\\\/it\\\/avviso-legale\\\/\"]}]},{\"@type\":\"BreadcrumbList\",\"@id\":\"https:\\\/\\\/tienda.polestarenergy.es\\\/it\\\/avviso-legale\\\/#breadcrumb\",\"itemListElement\":[{\"@type\":\"ListItem\",\"position\":1,\"name\":\"Portada\",\"item\":\"https:\\\/\\\/tienda.polestarenergy.es\\\/it\\\/negozio\\\/\"},{\"@type\":\"ListItem\",\"position\":2,\"name\":\"Avviso legale\"}]},{\"@type\":\"WebSite\",\"@id\":\"https:\\\/\\\/tienda.polestarenergy.es\\\/it\\\/#website\",\"url\":\"https:\\\/\\\/tienda.polestarenergy.es\\\/it\\\/\",\"name\":\"Polestar Energy\",\"description\":\"Empresa de Energ\u00eda\",\"publisher\":{\"@id\":\"https:\\\/\\\/tienda.polestarenergy.es\\\/it\\\/#organization\"},\"potentialAction\":[{\"@type\":\"SearchAction\",\"target\":{\"@type\":\"EntryPoint\",\"urlTemplate\":\"https:\\\/\\\/tienda.polestarenergy.es\\\/it\\\/?s={search_term_string}\"},\"query-input\":{\"@type\":\"PropertyValueSpecification\",\"valueRequired\":true,\"valueName\":\"search_term_string\"}}],\"inLanguage\":\"it-IT\"},{\"@type\":\"Organization\",\"@id\":\"https:\\\/\\\/tienda.polestarenergy.es\\\/it\\\/#organization\",\"name\":\"Polestar Energy\",\"url\":\"https:\\\/\\\/tienda.polestarenergy.es\\\/it\\\/\",\"logo\":{\"@type\":\"ImageObject\",\"inLanguage\":\"it-IT\",\"@id\":\"https:\\\/\\\/tienda.polestarenergy.es\\\/it\\\/#\\\/schema\\\/logo\\\/image\\\/\",\"url\":\"https:\\\/\\\/tienda.polestarenergy.es\\\/wp-content\\\/uploads\\\/2024\\\/04\\\/cropped-POLESTAR-Logo.png\",\"contentUrl\":\"https:\\\/\\\/tienda.polestarenergy.es\\\/wp-content\\\/uploads\\\/2024\\\/04\\\/cropped-POLESTAR-Logo.png\",\"width\":512,\"height\":512,\"caption\":\"Polestar Energy\"},\"image\":{\"@id\":\"https:\\\/\\\/tienda.polestarenergy.es\\\/it\\\/#\\\/schema\\\/logo\\\/image\\\/\"}}]}<\/script>\n<!-- \/ Yoast SEO Premium plugin. -->","yoast_head_json":{"title":"Avviso legale - Polestar Energy","robots":{"index":"noindex","follow":"nofollow"},"og_locale":"it_IT","og_type":"article","og_title":"Avviso legale","og_description":"[et_pb_section admin_label=&#8221;section&#8221;] [et_pb_row admin_label=&#8221;row&#8221;] [et_pb_column type=&#8221;4_4&#8243;][et_pb_text admin_label=&#8221;Text&#8221;]POLESTAR ENERGY S.L B56614068 C\/ ALCAL\u00c1 N\u00ba 87, PISO 3 IZDA 28009 MADRID legal@polestarenergy.es &nbsp; I diritti di propriet\u00e0 intellettuale del sito web polestarenergy.es, il suo codice sorgente, il design, la struttura di navigazione, i database e i diversi elementi in esso contenuti sono di propriet\u00e0 di POLESTAR ENERGY [&hellip;]","og_url":"https:\/\/tienda.polestarenergy.es\/it\/avviso-legale\/","og_site_name":"Polestar Energy","article_modified_time":"2025-03-12T21:00:01+00:00","twitter_card":"summary_large_image","twitter_misc":{"Tempo di lettura stimato":"3 minuti"},"schema":{"@context":"https:\/\/schema.org","@graph":[{"@type":"WebPage","@id":"https:\/\/tienda.polestarenergy.es\/it\/avviso-legale\/","url":"https:\/\/tienda.polestarenergy.es\/it\/avviso-legale\/","name":"Avviso legale - Polestar Energy","isPartOf":{"@id":"https:\/\/tienda.polestarenergy.es\/it\/#website"},"datePublished":"2024-06-16T14:40:38+00:00","dateModified":"2025-03-12T21:00:01+00:00","breadcrumb":{"@id":"https:\/\/tienda.polestarenergy.es\/it\/avviso-legale\/#breadcrumb"},"inLanguage":"it-IT","potentialAction":[{"@type":"ReadAction","target":["https:\/\/tienda.polestarenergy.es\/it\/avviso-legale\/"]}]},{"@type":"BreadcrumbList","@id":"https:\/\/tienda.polestarenergy.es\/it\/avviso-legale\/#breadcrumb","itemListElement":[{"@type":"ListItem","position":1,"name":"Portada","item":"https:\/\/tienda.polestarenergy.es\/it\/negozio\/"},{"@type":"ListItem","position":2,"name":"Avviso legale"}]},{"@type":"WebSite","@id":"https:\/\/tienda.polestarenergy.es\/it\/#website","url":"https:\/\/tienda.polestarenergy.es\/it\/","name":"Polestar Energy","description":"Empresa de Energ\u00eda","publisher":{"@id":"https:\/\/tienda.polestarenergy.es\/it\/#organization"},"potentialAction":[{"@type":"SearchAction","target":{"@type":"EntryPoint","urlTemplate":"https:\/\/tienda.polestarenergy.es\/it\/?s={search_term_string}"},"query-input":{"@type":"PropertyValueSpecification","valueRequired":true,"valueName":"search_term_string"}}],"inLanguage":"it-IT"},{"@type":"Organization","@id":"https:\/\/tienda.polestarenergy.es\/it\/#organization","name":"Polestar Energy","url":"https:\/\/tienda.polestarenergy.es\/it\/","logo":{"@type":"ImageObject","inLanguage":"it-IT","@id":"https:\/\/tienda.polestarenergy.es\/it\/#\/schema\/logo\/image\/","url":"https:\/\/tienda.polestarenergy.es\/wp-content\/uploads\/2024\/04\/cropped-POLESTAR-Logo.png","contentUrl":"https:\/\/tienda.polestarenergy.es\/wp-content\/uploads\/2024\/04\/cropped-POLESTAR-Logo.png","width":512,"height":512,"caption":"Polestar Energy"},"image":{"@id":"https:\/\/tienda.polestarenergy.es\/it\/#\/schema\/logo\/image\/"}}]}},"_links":{"self":[{"href":"https:\/\/tienda.polestarenergy.es\/it\/wp-json\/wp\/v2\/pages\/1098","targetHints":{"allow":["GET"]}}],"collection":[{"href":"https:\/\/tienda.polestarenergy.es\/it\/wp-json\/wp\/v2\/pages"}],"about":[{"href":"https:\/\/tienda.polestarenergy.es\/it\/wp-json\/wp\/v2\/types\/page"}],"author":[{"embeddable":true,"href":"https:\/\/tienda.polestarenergy.es\/it\/wp-json\/wp\/v2\/users\/1"}],"replies":[{"embeddable":true,"href":"https:\/\/tienda.polestarenergy.es\/it\/wp-json\/wp\/v2\/comments?post=1098"}],"version-history":[{"count":2,"href":"https:\/\/tienda.polestarenergy.es\/it\/wp-json\/wp\/v2\/pages\/1098\/revisions"}],"predecessor-version":[{"id":3347,"href":"https:\/\/tienda.polestarenergy.es\/it\/wp-json\/wp\/v2\/pages\/1098\/revisions\/3347"}],"wp:attachment":[{"href":"https:\/\/tienda.polestarenergy.es\/it\/wp-json\/wp\/v2\/media?parent=1098"}],"wp:term":[{"taxonomy":"dipi_cpt_category","embeddable":true,"href":"https:\/\/tienda.polestarenergy.es\/it\/wp-json\/wp\/v2\/dipi_cpt_category?post=1098"}],"curies":[{"name":"wp","href":"https:\/\/api.w.org\/{rel}","templated":true}]}}